{"id":29,"date":"2025-09-13T23:09:55","date_gmt":"2025-09-13T20:09:55","guid":{"rendered":"http:\/\/localhost\/akcayhaliyikama\/?page_id=29"},"modified":"2025-09-14T17:47:08","modified_gmt":"2025-09-14T14:47:08","slug":"altinkum-hali-ve-koltuk-yikama","status":"publish","type":"page","link":"https:\/\/www.akcay-hali-yikama.com\/index.php\/altinkum-hali-ve-koltuk-yikama\/","title":{"rendered":"Alt\u0131nkum Hal\u0131 ve Koltuk Y\u0131kama"},"content":{"rendered":"","protected":false},"excerpt":{"rendered":"","protected":false},"author":1,"featured_media":0,"parent":0,"menu_order":0,"comment_status":"closed","ping_status":"closed","template":"template-altinkum.php","meta":{"footnotes":""},"class_list":["post-29","page","type-page","status-publish","hentry"],"_links":{"self":[{"href":"https:\/\/www.akcay-hali-yikama.com\/index.php\/wp-json\/wp\/v2\/pages\/29","targetHints":{"allow":["GET"]}}],"collection":[{"href":"https:\/\/www.akcay-hali-yikama.com\/index.php\/wp-json\/wp\/v2\/pages"}],"about":[{"href":"https:\/\/www.akcay-hali-yikama.com\/index.php\/wp-json\/wp\/v2\/types\/page"}],"author":[{"embeddable":true,"href":"https:\/\/www.akcay-hali-yikama.com\/index.php\/wp-json\/wp\/v2\/users\/1"}],"replies":[{"embeddable":true,"href":"https:\/\/www.akcay-hali-yikama.com\/index.php\/wp-json\/wp\/v2\/comments?post=29"}],"version-history":[{"count":1,"href":"https:\/\/www.akcay-hali-yikama.com\/index.php\/wp-json\/wp\/v2\/pages\/29\/revisions"}],"predecessor-version":[{"id":30,"href":"https:\/\/www.akcay-hali-yikama.com\/index.php\/wp-json\/wp\/v2\/pages\/29\/revisions\/30"}],"wp:attachment":[{"href":"https:\/\/www.akcay-hali-yikama.com\/index.php\/wp-json\/wp\/v2\/media?parent=29"}],"curies":[{"name":"wp","href":"https:\/\/api.w.org\/{rel}","templated":true}]}}