{"id":33,"date":"2025-09-13T23:10:20","date_gmt":"2025-09-13T20:10:20","guid":{"rendered":"http:\/\/localhost\/akcayhaliyikama\/?page_id=33"},"modified":"2025-09-14T18:48:52","modified_gmt":"2025-09-14T15:48:52","slug":"gure-hali-ve-koltuk-yikama","status":"publish","type":"page","link":"https:\/\/www.akcay-hali-yikama.com\/index.php\/gure-hali-ve-koltuk-yikama\/","title":{"rendered":"G\u00fcre Hal\u0131 ve Koltuk Y\u0131kama"},"content":{"rendered":"","protected":false},"excerpt":{"rendered":"","protected":false},"author":1,"featured_media":0,"parent":0,"menu_order":0,"comment_status":"closed","ping_status":"closed","template":"template-gure.php","meta":{"footnotes":""},"class_list":["post-33","page","type-page","status-publish","hentry"],"_links":{"self":[{"href":"https:\/\/www.akcay-hali-yikama.com\/index.php\/wp-json\/wp\/v2\/pages\/33","targetHints":{"allow":["GET"]}}],"collection":[{"href":"https:\/\/www.akcay-hali-yikama.com\/index.php\/wp-json\/wp\/v2\/pages"}],"about":[{"href":"https:\/\/www.akcay-hali-yikama.com\/index.php\/wp-json\/wp\/v2\/types\/page"}],"author":[{"embeddable":true,"href":"https:\/\/www.akcay-hali-yikama.com\/index.php\/wp-json\/wp\/v2\/users\/1"}],"replies":[{"embeddable":true,"href":"https:\/\/www.akcay-hali-yikama.com\/index.php\/wp-json\/wp\/v2\/comments?post=33"}],"version-history":[{"count":1,"href":"https:\/\/www.akcay-hali-yikama.com\/index.php\/wp-json\/wp\/v2\/pages\/33\/revisions"}],"predecessor-version":[{"id":34,"href":"https:\/\/www.akcay-hali-yikama.com\/index.php\/wp-json\/wp\/v2\/pages\/33\/revisions\/34"}],"wp:attachment":[{"href":"https:\/\/www.akcay-hali-yikama.com\/index.php\/wp-json\/wp\/v2\/media?parent=33"}],"curies":[{"name":"wp","href":"https:\/\/api.w.org\/{rel}","templated":true}]}}